{"id":4219,"date":"2024-01-06T10:25:12","date_gmt":"2024-01-06T09:25:12","guid":{"rendered":"https:\/\/www.prevanto.ch\/protection-des-donnees\/"},"modified":"2025-02-12T19:11:33","modified_gmt":"2025-02-12T18:11:33","slug":"protection-des-donnees","status":"publish","type":"page","link":"https:\/\/www.prevanto.ch\/fr\/protection-des-donnees\/","title":{"rendered":"Protection des donn\u00e9es"},"content":{"rendered":"\t\t<div data-elementor-type=\"wp-page\" data-elementor-id=\"4219\" class=\"elementor elementor-4219 elementor-214\" data-elementor-post-type=\"page\">\n\t\t\t\t<div class=\"elementor-element elementor-element-43db9d20 pad-tb-l animated-slow e-flex e-con-boxed e-con e-parent\" data-id=\"43db9d20\" data-element_type=\"container\" data-e-type=\"container\" data-settings=\"{&quot;animation&quot;:&quot;none&quot;,&quot;animation_delay&quot;:0.5,&quot;jet_parallax_layout_list&quot;:[]}\">\n\t\t\t\t\t<div class=\"e-con-inner\">\n\t\t<div class=\"elementor-element elementor-element-601121be e-flex e-con-boxed e-con e-child\" data-id=\"601121be\" data-element_type=\"container\" data-e-type=\"container\" data-settings=\"{&quot;jet_parallax_layout_list&quot;:[]}\">\n\t\t\t\t\t<div class=\"e-con-inner\">\n\t\t\t\t<div class=\"elementor-element elementor-element-705481a6 elementor-widget elementor-widget-heading\" data-id=\"705481a6\" data-element_type=\"widget\" data-e-type=\"widget\" data-settings=\"{&quot;_animation&quot;:&quot;none&quot;}\" data-widget_type=\"heading.default\">\n\t\t\t\t\t\t<div class=\"elementor-widget-container\">\n\t\t\t\t\t<h1 class=\"elementor-heading-title elementor-size-default\">Protection des donn\u00e9es<\/h1>\t\t\t\t<\/div>\n\t\t\t\t<\/div>\n\t\t\t\t<div class=\"elementor-element elementor-element-6bf997a3 pad-t-3 elementor-widget elementor-widget-text-editor\" data-id=\"6bf997a3\" data-element_type=\"widget\" data-e-type=\"widget\" data-widget_type=\"text-editor.default\">\n\t\t\t\t\t\t<div class=\"elementor-widget-container\">\n\t\t\t\t\t\t\t\t\t<p>Prevanto SA ne collecte aucune donn\u00e9e sur ce site web. Par cons\u00e9quent, aucune donn\u00e9e n&rsquo;est soumises \u00e0 la loi sur la protection des donn\u00e9es. Si vous contactez Prevanto via le site web, votre demande sera envoy\u00e9e par e-mail \u00e0 Prevanto et les donn\u00e9es seront ensuite supprim\u00e9es du serveur web. Le contenu de l\u2019e-mail est utilis\u00e9 par Prevanto uniquement pour r\u00e9pondre \u00e0 votre demande et ne sera pas transmis \u00e0 des tiers sans votre consentement explicite.   <\/p>\n<p>Prevanto accorde une grande importance \u00e0 la protection des donn\u00e9es. Dans cette d\u00e9claration de protection des donn\u00e9es, nous expliquons comment et dans quel but nous collectons et traitons les donn\u00e9es personnelles dans le cadre de l\u2019ex\u00e9cution de la pr\u00e9voyance professionnelle et de nos autres prestations de service y aff\u00e9rentes, aussi bien en ligne qu&rsquo;hors ligne. <\/p>\n\t\t\t\t\t\t\t\t<\/div>\n\t\t\t\t<\/div>\n\t\t\t\t<div class=\"elementor-element elementor-element-adbdab6 elementor-icon-list--layout-traditional elementor-list-item-link-full_width elementor-widget elementor-widget-icon-list\" data-id=\"adbdab6\" data-element_type=\"widget\" data-e-type=\"widget\" data-widget_type=\"icon-list.default\">\n\t\t\t\t\t\t<div class=\"elementor-widget-container\">\n\t\t\t\t\t\t\t<ul class=\"elementor-icon-list-items\">\n\t\t\t\t\t\t\t<li class=\"elementor-icon-list-item\">\n\t\t\t\t\t\t\t\t\t\t\t<a href=\"https:\/\/www.prevanto.ch\/wp-content\/uploads\/Declaration-de-confidentialite-version-F-2.pdf\" target=\"_blank\">\n\n\t\t\t\t\t\t\t\t\t\t\t\t<span class=\"elementor-icon-list-icon\">\n\t\t\t\t\t\t\t<svg xmlns=\"http:\/\/www.w3.org\/2000\/svg\" xmlns:xlink=\"http:\/\/www.w3.org\/1999\/xlink\" width=\"512\" height=\"512\" x=\"0\" y=\"0\" viewBox=\"0 0 512 512\" style=\"enable-background:new 0 0 512 512\" xml:space=\"preserve\" class=\"\">  <g>    <path d=\"M446.605 124.392 326.608 4.395A15.02 15.02 0 0 0 316 0H106C81.187 0 61 20.187 61 45v422c0 24.813 20.187 45 45 45h300c24.813 0 45-20.187 45-45V135c0-4.09-1.717-7.931-4.395-10.608zM331 51.213 399.787 120H346c-8.271 0-15-6.729-15-15zM406 482H106c-8.271 0-15-6.729-15-15V45c0-8.271 6.729-15 15-15h195v75c0 24.813 20.187 45 45 45h75v317c0 8.271-6.729 15-15 15z\" fill=\"#dd2f22\" opacity=\"1\" data-original=\"#000000\"><\/path>    <path d=\"M346 212H166c-8.284 0-15 6.716-15 15s6.716 15 15 15h180c8.284 0 15-6.716 15-15s-6.716-15-15-15zM346 272H166c-8.284 0-15 6.716-15 15s6.716 15 15 15h180c8.284 0 15-6.716 15-15s-6.716-15-15-15zM346 332H166c-8.284 0-15 6.716-15 15s6.716 15 15 15h180c8.284 0 15-6.716 15-15s-6.716-15-15-15zM286 392H166c-8.284 0-15 6.716-15 15s6.716 15 15 15h120c8.284 0 15-6.716 15-15s-6.716-15-15-15z\" fill=\"#dd2f22\" opacity=\"1\" data-original=\"#000000\"><\/path>  <\/g><\/svg>\t\t\t\t\t\t<\/span>\n\t\t\t\t\t\t\t\t\t\t<span class=\"elementor-icon-list-text\">D\u00e9claration de confidentialit\u00e9 (PDF)<\/span>\n\t\t\t\t\t\t\t\t\t\t\t<\/a>\n\t\t\t\t\t\t\t\t\t<\/li>\n\t\t\t\t\t\t<\/ul>\n\t\t\t\t\t\t<\/div>\n\t\t\t\t<\/div>\n\t\t\t\t\t<\/div>\n\t\t\t\t<\/div>\n\t\t\t\t\t<\/div>\n\t\t\t\t<\/div>\n\t\t\t\t<\/div>\n\t\t","protected":false},"excerpt":{"rendered":"<p>Protection des donn\u00e9es Prevanto SA ne collecte aucune donn\u00e9e sur ce site web. Par cons\u00e9quent, aucune donn\u00e9e n&rsquo;est soumises \u00e0 la loi sur la protection des donn\u00e9es. Si vous contactez Prevanto via le site web, votre demande sera envoy\u00e9e par e-mail \u00e0 Prevanto et les donn\u00e9es seront ensuite supprim\u00e9es du serveur web. Le contenu de [&hellip;]<\/p>\n","protected":false},"author":3,"featured_media":0,"parent":0,"menu_order":0,"comment_status":"closed","ping_status":"closed","template":"","meta":{"iawp_total_views":12,"footnotes":""},"class_list":["post-4219","page","type-page","status-publish","hentry"],"_links":{"self":[{"href":"https:\/\/www.prevanto.ch\/fr\/wp-json\/wp\/v2\/pages\/4219","targetHints":{"allow":["GET"]}}],"collection":[{"href":"https:\/\/www.prevanto.ch\/fr\/wp-json\/wp\/v2\/pages"}],"about":[{"href":"https:\/\/www.prevanto.ch\/fr\/wp-json\/wp\/v2\/types\/page"}],"author":[{"embeddable":true,"href":"https:\/\/www.prevanto.ch\/fr\/wp-json\/wp\/v2\/users\/3"}],"replies":[{"embeddable":true,"href":"https:\/\/www.prevanto.ch\/fr\/wp-json\/wp\/v2\/comments?post=4219"}],"version-history":[{"count":10,"href":"https:\/\/www.prevanto.ch\/fr\/wp-json\/wp\/v2\/pages\/4219\/revisions"}],"predecessor-version":[{"id":4657,"href":"https:\/\/www.prevanto.ch\/fr\/wp-json\/wp\/v2\/pages\/4219\/revisions\/4657"}],"wp:attachment":[{"href":"https:\/\/www.prevanto.ch\/fr\/wp-json\/wp\/v2\/media?parent=4219"}],"curies":[{"name":"wp","href":"https:\/\/api.w.org\/{rel}","templated":true}]}}