{"id":4250,"date":"2024-01-03T11:34:13","date_gmt":"2024-01-03T10:34:13","guid":{"rendered":"https:\/\/www.prevanto.ch\/impressum\/"},"modified":"2025-05-05T13:26:37","modified_gmt":"2025-05-05T11:26:37","slug":"impressum","status":"publish","type":"page","link":"https:\/\/www.prevanto.ch\/fr\/impressum\/","title":{"rendered":"Mentions l\u00e9gales"},"content":{"rendered":"\t\t<div data-elementor-type=\"wp-page\" data-elementor-id=\"4250\" class=\"elementor elementor-4250 elementor-104\" data-elementor-post-type=\"page\">\n\t\t\t\t<div class=\"elementor-element elementor-element-3243c1ac pad-tb-l animated-slow e-flex e-con-boxed e-con e-parent\" data-id=\"3243c1ac\" data-element_type=\"container\" data-e-type=\"container\" data-settings=\"{&quot;animation&quot;:&quot;none&quot;,&quot;animation_delay&quot;:0.5,&quot;jet_parallax_layout_list&quot;:[]}\">\n\t\t\t\t\t<div class=\"e-con-inner\">\n\t\t<div class=\"elementor-element elementor-element-43b53bbd e-con-full e-flex e-con e-child\" data-id=\"43b53bbd\" data-element_type=\"container\" data-e-type=\"container\" data-settings=\"{&quot;jet_parallax_layout_list&quot;:[]}\">\n\t\t\t\t<div class=\"elementor-element elementor-element-12a37ac9 elementor-widget elementor-widget-heading\" data-id=\"12a37ac9\" data-element_type=\"widget\" data-e-type=\"widget\" data-settings=\"{&quot;_animation&quot;:&quot;none&quot;}\" data-widget_type=\"heading.default\">\n\t\t\t\t\t\t<div class=\"elementor-widget-container\">\n\t\t\t\t\t<h1 class=\"elementor-heading-title elementor-size-default\">Mentions l\u00e9gales<\/h1>\t\t\t\t<\/div>\n\t\t\t\t<\/div>\n\t\t\t\t<div class=\"elementor-element elementor-element-64414b63 pad-t-s elementor-widget elementor-widget-text-editor\" data-id=\"64414b63\" data-element_type=\"widget\" data-e-type=\"widget\" data-widget_type=\"text-editor.default\">\n\t\t\t\t\t\t<div class=\"elementor-widget-container\">\n\t\t\t\t\t\t\t\t\t<p><strong>Responsable de tous les contenus de ce site web<\/strong><\/p><p>Prevanto AG<br>Seefeldstrasse 7<br>8008 Zurich<br><a class=\"tel\" href=\"tel:+41443668000\">+41 44 366 80 00<\/a><\/p><p>Prevanto AG<br>Picassoplatz 8<br>4052 B\u00e2le<br><a class=\"tel\" href=\"tel:+41443668000\">+41 44 366 80 00<\/a><\/p><p>Prevanto AG<br>Place Bel-Air 1<br>1003 Lausanne<br><a class=\"tel\" href=\"tel:+41443668000\">+41 44 366 80 00<\/a><\/p><p>Courriel : <a href=\"mailto:info@prevanto.ch\"><span style=\"display:inline;unicode-bidi:bidi-override;direction:rtl;\" class=\"\">hc.otnaverp<span style=\"display:none;\">obfsctd-80a275<\/span>&#64;ofni<\/span><\/a><br>UID-No : CHE-262.606.980 MWST<\/p><p><strong>Mise en \u0153uvre du design web et de l&rsquo;optimisation pour les moteurs de recherche<\/strong><\/p><p>WEBSPATZ WEBDESIGN GmbH<br>Am Wasser 159<br>8049 Zurich<\/p><p><a href=\"tel:+41445579540\" rev=\"en_rl_none\">+41 44 557 95 40<\/a><br><a href=\"mailto:info@webspatz.ch\" rev=\"en_rl_none\"><span style=\"display:inline;unicode-bidi:bidi-override;direction:rtl;\" class=\"\">hc.ztapsbew<span style=\"display:none;\">obfsctd-7329b8<\/span>&#64;ofni<\/span><\/a><br><a href=\"https:\/\/webspatz.ch\/\" rev=\"en_rl_none\" target=\"_blank\" rel=\"noopener\">www.webspatz.ch<\/a><\/p><p><strong>Clause de non-responsabilit\u00e9<\/strong><br>L\u2019auteur n\u2019assume aucune responsabilit\u00e9 quant la v\u00e9racit\u00e9, l\u2019exactitude, l\u2019actualit\u00e9, la fiabilit\u00e9 et l\u2019exhaustivit\u00e9 des informations. L\u2018auteur ne saurait \u00eatre tenu pour responsable des dommages mat\u00e9riels ou immat\u00e9riels, r\u00e9sultant de l\u2019acc\u00e8saux informations diffus\u00e9es ou de leur utilisation ou non-utilisation, d&rsquo;une utilisation abusive de la connexion ou de probl\u00e8mes techniques. L\u2019auteur se r\u00e9serve le droit de modifier ce site web \u00e0 tout moment et sans pr\u00e9avis.  <\/p><p><strong>Responsabilit\u00e9 pour les liens<\/strong><br>Les renvois et liens vers des sites web de tiers ne rel\u00e8vent pas de notre responsabilit\u00e9. Nous d\u00e9clinons toute responsabilit\u00e9 pour de tels sites. L&rsquo;acc\u00e8s \u00e0 de tels sites et leur utilisation se font aux risques et p\u00e9rils de l&rsquo;utilisateur ou de l&rsquo;utilisatrice.  <\/p><p><strong>Droits d\u2019auteur<br><\/strong>Les droits d\u2019auteur et tous les autres droits relatifs aux contenus, images, photos ou autres fichiers pr\u00e9sents sur le site web appartiennent exclusivement \u00e0 l\u2019auteur ou aux titulaires de droits sp\u00e9cialement cit\u00e9s. Nous attirons votre attention sur le fait que les images figurant sur les sites web sont en partie soumises aux droits d\u2019auteur de tiers. Nous utilisons entre autres des images provenant de www.gallereplay.com\/stock, www.istockphoto.com et www.stock.adobe.com. Pour la reproduction de tout \u00e9l\u00e9ment, l\u2019accord \u00e9crit des d\u00e9tenteurs des droits d\u2019auteur doit \u00eatre obtenu au pr\u00e9alable.   <\/p>\t\t\t\t\t\t\t\t<\/div>\n\t\t\t\t<\/div>\n\t\t\t\t<\/div>\n\t\t\t\t\t<\/div>\n\t\t\t\t<\/div>\n\t\t\t\t<\/div>\n\t\t","protected":false},"excerpt":{"rendered":"<p>Mentions l\u00e9gales Responsable de tous les contenus de ce site web Prevanto AGSeefeldstrasse 78008 Zurich+41 44 366 80 00 Prevanto AGPicassoplatz 84052 B\u00e2le+41 44 366 80 00 Prevanto AGPlace Bel-Air 11003 Lausanne+41 44 366 80 00 Courriel : hc.otnaverpobfsctd-85fdda&#64;ofniUID-No : CHE-262.606.980 MWST Mise en \u0153uvre du design web et de l&rsquo;optimisation pour les moteurs de [&hellip;]<\/p>\n","protected":false},"author":3,"featured_media":0,"parent":0,"menu_order":0,"comment_status":"closed","ping_status":"closed","template":"","meta":{"iawp_total_views":11,"footnotes":""},"class_list":["post-4250","page","type-page","status-publish","hentry"],"_links":{"self":[{"href":"https:\/\/www.prevanto.ch\/fr\/wp-json\/wp\/v2\/pages\/4250","targetHints":{"allow":["GET"]}}],"collection":[{"href":"https:\/\/www.prevanto.ch\/fr\/wp-json\/wp\/v2\/pages"}],"about":[{"href":"https:\/\/www.prevanto.ch\/fr\/wp-json\/wp\/v2\/types\/page"}],"author":[{"embeddable":true,"href":"https:\/\/www.prevanto.ch\/fr\/wp-json\/wp\/v2\/users\/3"}],"replies":[{"embeddable":true,"href":"https:\/\/www.prevanto.ch\/fr\/wp-json\/wp\/v2\/comments?post=4250"}],"version-history":[{"count":10,"href":"https:\/\/www.prevanto.ch\/fr\/wp-json\/wp\/v2\/pages\/4250\/revisions"}],"predecessor-version":[{"id":6026,"href":"https:\/\/www.prevanto.ch\/fr\/wp-json\/wp\/v2\/pages\/4250\/revisions\/6026"}],"wp:attachment":[{"href":"https:\/\/www.prevanto.ch\/fr\/wp-json\/wp\/v2\/media?parent=4250"}],"curies":[{"name":"wp","href":"https:\/\/api.w.org\/{rel}","templated":true}]}}